{"id":1321,"date":"2019-11-25T06:26:10","date_gmt":"2019-11-25T06:26:10","guid":{"rendered":"https:\/\/bazaidacademy.net\/?page_id=1321"},"modified":"2023-06-18T08:29:19","modified_gmt":"2023-06-18T08:29:19","slug":"instructor","status":"publish","type":"page","link":"https:\/\/bazaidacademy.net\/en\/instructor\/","title":{"rendered":"Instructor"},"content":{"rendered":"<div data-elementor-type=\"wp-page\" data-elementor-id=\"1321\" class=\"elementor elementor-1321\">\n\t\t\t\t\t\t<section class=\"elementor-section elementor-top-section elementor-element elementor-element-b5c9a8b elementor-section-boxed elementor-section-height-default elementor-section-height-default\" data-id=\"b5c9a8b\" data-element_type=\"section\" data-e-type=\"section\" data-settings=\"{&quot;background_background&quot;:&quot;classic&quot;}\">\n\t\t\t\t\t\t<div class=\"elementor-container elementor-column-gap-default\">\n\t\t\t\t\t<div class=\"elementor-column elementor-col-100 elementor-top-column elementor-element elementor-element-9f2c92a\" data-id=\"9f2c92a\" data-element_type=\"column\" data-e-type=\"column\">\n\t\t\t<div class=\"elementor-widget-wrap elementor-element-populated\">\n\t\t\t\t\t\t<section class=\"elementor-section elementor-inner-section elementor-element elementor-element-84f7f15 elementor-section-boxed elementor-section-height-default elementor-section-height-default\" data-id=\"84f7f15\" data-element_type=\"section\" data-e-type=\"section\">\n\t\t\t\t\t\t<div class=\"elementor-container elementor-column-gap-default\">\n\t\t\t\t\t<div class=\"elementor-column elementor-col-50 elementor-inner-column elementor-element elementor-element-7d02a6c\" data-id=\"7d02a6c\" data-element_type=\"column\" data-e-type=\"column\">\n\t\t\t<div class=\"elementor-widget-wrap elementor-element-populated\">\n\t\t\t\t\t\t<div class=\"elementor-element elementor-element-d699745 elementor-widget elementor-widget-turitor-title\" data-id=\"d699745\" data-element_type=\"widget\" data-e-type=\"widget\" data-settings=\"{&quot;ekit_we_effect_on&quot;:&quot;none&quot;}\" data-widget_type=\"turitor-title.default\">\n\t\t\t\t<div class=\"elementor-widget-container\">\n\t\t\t\t\t\n   <div class=\"ts-section-title title-right\">\n\t\t<h2 class=\"section-title\">\n\t\t\t\t\t\t\t<span class=\"sub-title\">#\u0627\u0644\u0641\u0631\u064a\u0642<\/span>\n\t\t\t        \u0641\u0631\u064a\u0642 \u0627\u0644\u0642\u064a\u0627\u062f\u0629\n\u0645\u0639 \u0627\u0644\u0631\u0624\u064a\u0629     <\/h2>\n               <i class=\"\"><\/i>\n\t\t\t      \t\t\t\n   <\/div>\n    \n    \t\t\t\t<\/div>\n\t\t\t\t<\/div>\n\t\t\t\t\t<\/div>\n\t\t<\/div>\n\t\t\t\t<div class=\"elementor-column elementor-col-50 elementor-inner-column elementor-element elementor-element-d2aca4f\" data-id=\"d2aca4f\" data-element_type=\"column\" data-e-type=\"column\">\n\t\t\t<div class=\"elementor-widget-wrap elementor-element-populated\">\n\t\t\t\t\t\t<div class=\"elementor-element elementor-element-0d06da1 elementor-widget elementor-widget-text-editor\" data-id=\"0d06da1\" data-element_type=\"widget\" data-e-type=\"widget\" data-settings=\"{&quot;ekit_we_effect_on&quot;:&quot;none&quot;}\" data-widget_type=\"text-editor.default\">\n\t\t\t\t<div class=\"elementor-widget-container\">\n\t\t\t\t\t\t\t\t\t\u064a\u0642\u0648\u0645 \u0627\u0644\u0645\u062f\u0631\u0627\u0621 \u0627\u0644\u062a\u0646\u0641\u064a\u0630\u064a\u0648\u0646 \u0644\u062f\u064a\u0646\u0627 \u0628\u0627\u0644\u0642\u062f\u0648\u0629 \u0648\u064a\u0648\u062c\u0647\u0648\u0646\u0646\u0627 \u0644\u0625\u0646\u062c\u0627\u0632 \u0623\u0634\u064a\u0627\u0621 \u0631\u0627\u0626\u0639\u0629 \u0643\u0644 \u064a\u0648\u0645. \u064a\u0642\u062f\u0645 \u0627\u0644\u062a\u0639\u0644\u064a\u0645 \u0639\u0628\u0631 \u0627\u0644\u0625\u0646\u062a\u0631\u0646\u062a \u0637\u0631\u064a\u0642\u0629 \u062c\u062f\u064a\u062f\u0629 \u0644\u0627\u0633\u062a\u0643\u0634\u0627\u0641\u0647\u0627.\t\t\t\t\t\t\t\t<\/div>\n\t\t\t\t<\/div>\n\t\t\t\t\t<\/div>\n\t\t<\/div>\n\t\t\t\t\t<\/div>\n\t\t<\/section>\n\t\t\t\t\t<\/div>\n\t\t<\/div>\n\t\t\t\t\t<\/div>\n\t\t<\/section>\n\t\t\t\t<section class=\"elementor-section elementor-top-section elementor-element elementor-element-93d835b elementor-section-full_width elementor-section-height-min-height elementor-section-height-default elementor-section-items-middle\" data-id=\"93d835b\" data-element_type=\"section\" data-e-type=\"section\" data-settings=\"{&quot;background_background&quot;:&quot;gradient&quot;}\">\n\t\t\t\t\t\t\t<div class=\"elementor-background-overlay\"><\/div>\n\t\t\t\t\t\t\t<div class=\"elementor-container elementor-column-gap-default\">\n\t\t\t\t\t<div class=\"elementor-column elementor-col-50 elementor-top-column elementor-element elementor-element-f646e24\" data-id=\"f646e24\" data-element_type=\"column\" data-e-type=\"column\">\n\t\t\t<div class=\"elementor-widget-wrap elementor-element-populated\">\n\t\t\t\t\t\t<section class=\"elementor-section elementor-inner-section elementor-element elementor-element-ea3ce11 elementor-section-boxed elementor-section-height-default elementor-section-height-default\" data-id=\"ea3ce11\" data-element_type=\"section\" data-e-type=\"section\">\n\t\t\t\t\t\t<div class=\"elementor-container elementor-column-gap-default\">\n\t\t\t\t\t<div class=\"elementor-column elementor-col-50 elementor-inner-column elementor-element elementor-element-fbd117c\" data-id=\"fbd117c\" data-element_type=\"column\" data-e-type=\"column\">\n\t\t\t<div class=\"elementor-widget-wrap elementor-element-populated\">\n\t\t\t\t\t\t<div class=\"elementor-element elementor-element-21e3846 elementor-widget elementor-widget-image\" data-id=\"21e3846\" data-element_type=\"widget\" data-e-type=\"widget\" data-settings=\"{&quot;ekit_we_effect_on&quot;:&quot;none&quot;}\" data-widget_type=\"image.default\">\n\t\t\t\t<div class=\"elementor-widget-container\">\n\t\t\t\t\t\t\t\t\t\t\t\t\t\t\t<img fetchpriority=\"high\" decoding=\"async\" width=\"242\" height=\"207\" src=\"https:\/\/i0.wp.com\/bazaidacademy.net\/wp-content\/uploads\/2019\/11\/instructor_image.png?fit=242%2C207&amp;ssl=1\" class=\"attachment-large size-large wp-image-290\" alt=\"\" \/>\t\t\t\t\t\t\t\t\t\t\t\t\t\t\t<\/div>\n\t\t\t\t<\/div>\n\t\t\t\t\t<\/div>\n\t\t<\/div>\n\t\t\t\t<div class=\"elementor-column elementor-col-50 elementor-inner-column elementor-element elementor-element-794c014\" data-id=\"794c014\" data-element_type=\"column\" data-e-type=\"column\">\n\t\t\t<div class=\"elementor-widget-wrap elementor-element-populated\">\n\t\t\t\t\t\t<div class=\"elementor-element elementor-element-d7fe371 elementor-widget elementor-widget-turitor-title\" data-id=\"d7fe371\" data-element_type=\"widget\" data-e-type=\"widget\" data-settings=\"{&quot;ekit_we_effect_on&quot;:&quot;none&quot;}\" data-widget_type=\"turitor-title.default\">\n\t\t\t\t<div class=\"elementor-widget-container\">\n\t\t\t\t\t\n   <div class=\"ts-section-title title-right\">\n\t\t<h2 class=\"section-title\">\n\t\t\t        \u062a\u0635\u0628\u062d \u0645\u062f\u0631\u0633     <\/h2>\n               <i class=\"\"><\/i>\n\t\t\t      \t\t\t\n   <\/div>\n    \n    \t\t\t\t<\/div>\n\t\t\t\t<\/div>\n\t\t\t\t<div class=\"elementor-element elementor-element-13908b7 elementor-widget elementor-widget-text-editor\" data-id=\"13908b7\" data-element_type=\"widget\" data-e-type=\"widget\" data-settings=\"{&quot;ekit_we_effect_on&quot;:&quot;none&quot;}\" data-widget_type=\"text-editor.default\">\n\t\t\t\t<div class=\"elementor-widget-container\">\n\t\t\t\t\t\t\t\t\t\u0647\u0646\u0627\u0643 \u0646\u062e\u0628\u0629 \u062c\u062f\u064a\u062f\u0629 \u062a\u062a\u0634\u0643\u0644 \u0641\u064a \u0627\u0644\u062a\u0639\u0644\u064a\u0645 \u0627\u0644\u0639\u0627\u0644\u064a: \u062c\u0627\u0645\u0639\u0627\u062a \u0628\u0647\u0627 \u0645\u0644\u0627\u064a\u064a\u0646 \u0627\u0644\u0627\u0644\u062a\u062d\u0627\u0642.\t\t\t\t\t\t\t\t<\/div>\n\t\t\t\t<\/div>\n\t\t\t\t<div class=\"elementor-element elementor-element-aa48aed elementor-align-right elementor-widget elementor-widget-button\" data-id=\"aa48aed\" data-element_type=\"widget\" data-e-type=\"widget\" data-settings=\"{&quot;ekit_we_effect_on&quot;:&quot;none&quot;}\" data-widget_type=\"button.default\">\n\t\t\t\t<div class=\"elementor-widget-container\">\n\t\t\t\t\t\t\t\t\t<div class=\"elementor-button-wrapper\">\n\t\t\t\t\t<a class=\"elementor-button elementor-button-link elementor-size-sm\" href=\"#\">\n\t\t\t\t\t\t<span class=\"elementor-button-content-wrapper\">\n\t\t\t\t\t\t<span class=\"elementor-button-icon\">\n\t\t\t\t<i aria-hidden=\"true\" class=\"icon icon-plus_line\"><\/i>\t\t\t<\/span>\n\t\t\t\t\t\t\t\t\t<span class=\"elementor-button-text\">\u0633\u062c\u0644 \u0627\u0644\u0627\u0646<\/span>\n\t\t\t\t\t<\/span>\n\t\t\t\t\t<\/a>\n\t\t\t\t<\/div>\n\t\t\t\t\t\t\t\t<\/div>\n\t\t\t\t<\/div>\n\t\t\t\t\t<\/div>\n\t\t<\/div>\n\t\t\t\t\t<\/div>\n\t\t<\/section>\n\t\t\t\t\t<\/div>\n\t\t<\/div>\n\t\t\t\t<div class=\"elementor-column elementor-col-50 elementor-top-column elementor-element elementor-element-92402e5\" data-id=\"92402e5\" data-element_type=\"column\" data-e-type=\"column\">\n\t\t\t<div class=\"elementor-widget-wrap elementor-element-populated\">\n\t\t\t\t\t\t<section class=\"elementor-section elementor-inner-section elementor-element elementor-element-22b3943 elementor-section-boxed elementor-section-height-default elementor-section-height-default\" data-id=\"22b3943\" data-element_type=\"section\" data-e-type=\"section\">\n\t\t\t\t\t\t<div class=\"elementor-container elementor-column-gap-default\">\n\t\t\t\t\t<div class=\"elementor-column elementor-col-50 elementor-inner-column elementor-element elementor-element-4de2cbf\" data-id=\"4de2cbf\" data-element_type=\"column\" data-e-type=\"column\">\n\t\t\t<div class=\"elementor-widget-wrap elementor-element-populated\">\n\t\t\t\t\t\t<div class=\"elementor-element elementor-element-c250cd5 elementor-widget elementor-widget-image\" data-id=\"c250cd5\" data-element_type=\"widget\" data-e-type=\"widget\" data-settings=\"{&quot;ekit_we_effect_on&quot;:&quot;none&quot;}\" data-widget_type=\"image.default\">\n\t\t\t\t<div class=\"elementor-widget-container\">\n\t\t\t\t\t\t\t\t\t\t\t\t\t\t\t<img decoding=\"async\" width=\"227\" height=\"198\" src=\"https:\/\/i0.wp.com\/bazaidacademy.net\/wp-content\/uploads\/2019\/11\/partner_image.png?fit=227%2C198&amp;ssl=1\" class=\"attachment-large size-large wp-image-291\" alt=\"\" \/>\t\t\t\t\t\t\t\t\t\t\t\t\t\t\t<\/div>\n\t\t\t\t<\/div>\n\t\t\t\t\t<\/div>\n\t\t<\/div>\n\t\t\t\t<div class=\"elementor-column elementor-col-50 elementor-inner-column elementor-element elementor-element-afb8064\" data-id=\"afb8064\" data-element_type=\"column\" data-e-type=\"column\">\n\t\t\t<div class=\"elementor-widget-wrap elementor-element-populated\">\n\t\t\t\t\t\t<div class=\"elementor-element elementor-element-4843ae4 elementor-widget elementor-widget-turitor-title\" data-id=\"4843ae4\" data-element_type=\"widget\" data-e-type=\"widget\" data-settings=\"{&quot;ekit_we_effect_on&quot;:&quot;none&quot;}\" data-widget_type=\"turitor-title.default\">\n\t\t\t\t<div class=\"elementor-widget-container\">\n\t\t\t\t\t\n   <div class=\"ts-section-title title-right\">\n\t\t<h2 class=\"section-title\">\n\t\t\t        \u0643\u0646 \u0634\u0631\u064a\u0643\u0627     <\/h2>\n               <i class=\"\"><\/i>\n\t\t\t      \t\t\t\n   <\/div>\n    \n    \t\t\t\t<\/div>\n\t\t\t\t<\/div>\n\t\t\t\t<div class=\"elementor-element elementor-element-255f438 elementor-widget elementor-widget-text-editor\" data-id=\"255f438\" data-element_type=\"widget\" data-e-type=\"widget\" data-settings=\"{&quot;ekit_we_effect_on&quot;:&quot;none&quot;}\" data-widget_type=\"text-editor.default\">\n\t\t\t\t<div class=\"elementor-widget-container\">\n\t\t\t\t\t\t\t\t\t\n\u0627\u0646\u0636\u0645 \u0625\u0644\u0649 \u0645\u0644\u0627\u064a\u064a\u0646 \u0627\u0644\u0623\u0634\u062e\u0627\u0635 \u0645\u0646 \u062c\u0645\u064a\u0639 \u0623\u0646\u062d\u0627\u0621 \u0627\u0644\u0639\u0627\u0644\u0645 \u064a\u062a\u0639\u0644\u0645\u0648\u0646 \u0645\u0639\u064b\u0627. \u0627\u0644\u062a\u0639\u0644\u0645 \u0639\u0628\u0631 \u0627\u0644\u0625\u0646\u062a\u0631\u0646\u062a \u0633\u0647\u0644 \u0648\u0637\u0628\u064a\u0639\u064a \u0645\u062b\u0644 \u0627\u0644\u062f\u0631\u062f\u0634\u0629.\t\t\t\t\t\t\t\t<\/div>\n\t\t\t\t<\/div>\n\t\t\t\t<div class=\"elementor-element elementor-element-22f52a9 elementor-align-right elementor-widget elementor-widget-button\" data-id=\"22f52a9\" data-element_type=\"widget\" data-e-type=\"widget\" data-settings=\"{&quot;ekit_we_effect_on&quot;:&quot;none&quot;}\" data-widget_type=\"button.default\">\n\t\t\t\t<div class=\"elementor-widget-container\">\n\t\t\t\t\t\t\t\t\t<div class=\"elementor-button-wrapper\">\n\t\t\t\t\t<a class=\"elementor-button elementor-button-link elementor-size-sm\" href=\"#\">\n\t\t\t\t\t\t<span class=\"elementor-button-content-wrapper\">\n\t\t\t\t\t\t<span class=\"elementor-button-icon\">\n\t\t\t\t<i aria-hidden=\"true\" class=\"icon icon-plus_line\"><\/i>\t\t\t<\/span>\n\t\t\t\t\t\t\t\t\t<span class=\"elementor-button-text\">Contact Us<\/span>\n\t\t\t\t\t<\/span>\n\t\t\t\t\t<\/a>\n\t\t\t\t<\/div>\n\t\t\t\t\t\t\t\t<\/div>\n\t\t\t\t<\/div>\n\t\t\t\t\t<\/div>\n\t\t<\/div>\n\t\t\t\t\t<\/div>\n\t\t<\/section>\n\t\t\t\t\t<\/div>\n\t\t<\/div>\n\t\t\t\t\t<\/div>\n\t\t<\/section>\n\t\t\t\t<\/div>","protected":false},"excerpt":{"rendered":"<p>#\u0627\u0644\u0641\u0631\u064a\u0642 \u0641\u0631\u064a\u0642 \u0627\u0644\u0642\u064a\u0627\u062f\u0629 \u0645\u0639 \u0627\u0644\u0631\u0624\u064a\u0629 \u064a\u0642\u0648\u0645 \u0627\u0644\u0645\u062f\u0631\u0627\u0621 \u0627\u0644\u062a\u0646\u0641\u064a\u0630\u064a\u0648\u0646 \u0644\u062f\u064a\u0646\u0627 \u0628\u0627\u0644\u0642\u062f\u0648\u0629 \u0648\u064a\u0648\u062c\u0647\u0648\u0646\u0646\u0627 \u0644\u0625\u0646\u062c\u0627\u0632 \u0623\u0634\u064a\u0627\u0621 \u0631\u0627\u0626\u0639\u0629 \u0643\u0644 \u064a\u0648\u0645. \u064a\u0642\u062f\u0645 \u0627\u0644\u062a\u0639\u0644\u064a\u0645 \u0639\u0628\u0631 \u0627\u0644\u0625\u0646\u062a\u0631\u0646\u062a \u0637\u0631\u064a\u0642\u0629 \u062c\u062f\u064a\u062f\u0629 \u0644\u0627\u0633\u062a\u0643\u0634\u0627\u0641\u0647\u0627. V\u00edctor Vald\u00e9s Professor V\u00edctor Vald\u00e9s Professor Yolanda Ruiz Professor Yolanda Ruiz Professor Eric Abidal Professor Eric Abidal Professor Carolina Martin Professor Carolina Martin Professor Carolina Martin Professor Carolina Martin Professor Eric Abidal [&hellip;]<\/p>\n","protected":false},"author":1,"featured_media":0,"parent":0,"menu_order":0,"comment_status":"closed","ping_status":"closed","template":"template\/full-width-template.php","meta":{"googlesitekit_rrm_CAowvOy7DA:productID":"","om_disable_all_campaigns":false,"footnotes":""},"class_list":["post-1321","page","type-page","status-publish","hentry"],"jetpack-related-posts":[],"jetpack_sharing_enabled":true,"_links":{"self":[{"href":"https:\/\/bazaidacademy.net\/en\/wp-json\/wp\/v2\/pages\/1321","targetHints":{"allow":["GET"]}}],"collection":[{"href":"https:\/\/bazaidacademy.net\/en\/wp-json\/wp\/v2\/pages"}],"about":[{"href":"https:\/\/bazaidacademy.net\/en\/wp-json\/wp\/v2\/types\/page"}],"author":[{"embeddable":true,"href":"https:\/\/bazaidacademy.net\/en\/wp-json\/wp\/v2\/users\/1"}],"replies":[{"embeddable":true,"href":"https:\/\/bazaidacademy.net\/en\/wp-json\/wp\/v2\/comments?post=1321"}],"version-history":[{"count":0,"href":"https:\/\/bazaidacademy.net\/en\/wp-json\/wp\/v2\/pages\/1321\/revisions"}],"wp:attachment":[{"href":"https:\/\/bazaidacademy.net\/en\/wp-json\/wp\/v2\/media?parent=1321"}],"curies":[{"name":"wp","href":"https:\/\/api.w.org\/{rel}","templated":true}]}}